{"id":766,"date":"2020-09-25T18:47:49","date_gmt":"2020-09-25T16:47:49","guid":{"rendered":"https:\/\/www.borriapartment.it\/privacy-cookie-policy\/"},"modified":"2020-09-25T18:47:50","modified_gmt":"2020-09-25T16:47:50","slug":"privacy-cookie-policy","status":"publish","type":"page","link":"https:\/\/www.borriapartment.it\/en\/privacy-cookie-policy\/","title":{"rendered":"Privacy &#038; Cookie Policy"},"content":{"rendered":"\n<h4 class=\"wp-block-heading\">Informativa per il trattamento dei dati personali, per il sito web, resa ai sensi dell\u2019art.13 del Regolamento UE 2016\/679<\/h4>\n\n<p>Gentile Utente, la presente informativa viene resa ai sensi dell\u2019art. 13 del Regolamento Europeo sulla protezione dei dati personali 2016\/679 (di seguito \u201cGDPR\u201d). <strong>Giovanni Di Palma<\/strong>, via Magenta 20 56038 Ponsacco (PI), in qualit\u00e0 di titolare del trattamento, La informa che il trattamento dei Suoi dati personali avverr\u00e0 con correttezza, trasparenza, e integrit\u00e0, per fini leciti e tutelando la riservatezza e i Suoi diritti.<\/p>\n\n<hr class=\"wp-block-separator\"\/>\n\n<p><\/p>\n\n<h3 class=\"wp-block-heading\"><strong>Titolare del Trattamento dei Dati<\/strong><\/h3>\n\n<p><strong>Giovanni Di Palma<\/strong>, via Magenta 20 56038 Ponsacco (PI), e-mail: giovanni.dipalma71@gmail.com<\/p>\n\n<p><\/p>\n\n<hr class=\"wp-block-separator\"\/>\n\n<h3 class=\"wp-block-heading\"><strong>Tipologie di dati raccolti<\/strong><\/h3>\n\n<p>Fra i Dati Personali raccolti da questa Applicazione, in modo autonomo o tramite terze parti, ci sono: Nome, Cognome, Ragione sociale, E-mail, recapiti telefonici, Cookie e Dati di utilizzo.<\/p>\n\n<p>Altri Dati Personali raccolti potrebbero essere indicati in altre sezioni di questa privacy policy o mediante testi informativi visualizzati contestualmente alla raccolta dei Dati stessi.&#13;\nI Dati Personali possono essere inseriti volontariamente dall\u2019Utente, oppure raccolti in modo automatico durante l\u2019uso di questa Applicazione.&#13;\nL\u2019eventuale utilizzo di Cookie \u2013 o di altri strumenti di tracciamento \u2013 da parte di questa Applicazione o dei titolari dei servizi terzi utilizzati da questa Applicazione, ove non diversamente precisato, ha la finalit\u00e0 di identificare l\u2019Utente e registrare le relative preferenze per finalit\u00e0 strettamente legate all\u2019erogazione del servizio richiesto dall\u2019Utente.&#13;\nIl mancato conferimento da parte dell\u2019Utente di alcuni Dati Personali potrebbe impedire a questa Applicazione di erogare i propri servizi.<\/p>\n\n<p>L\u2019Utente si assume la responsabilit\u00e0 dei Dati Personali di terzi pubblicati o condivisi mediante questa Applicazione e garantisce di avere il diritto di comunicarli o diffonderli, liberando il Titolare da qualsiasi responsabilit\u00e0 verso terzi.<\/p>\n\n<h3 class=\"wp-block-heading\"><strong>Finalit\u00e0 del trattamento<\/strong><\/h3>\n\n<p>I dati personali sono raccolti per le finalit\u00e0 di contattare l\u2019utente per rispondere alle sue richieste, visualizzazione di contenuti da piattaforme esterne, protezione dallo spam e statistica, nonch\u00e9 per i diversi fini richiesti dalle normative vigenti.<\/p>\n\n<h3 class=\"wp-block-heading\"><strong>Natura obbligatoria o facoltativa del conferimento dei dati<\/strong><\/h3>\n\n<p>La natura obbligatoria o facoltativa del conferimento \u00e8 specificata di volta in volta \u2013 con riferimento alle singole informazioni richieste \u2013 all\u2019atto della singola raccolta di dati, apponendo un apposito carattere (*) all\u2019informazione di carattere obbligatorio.<\/p>\n\n<p>In caso di rifiuto a comunicare taluni dati contrassegnati come obbligatori, non potr\u00e0 esser dato corso allo svolgimento dei servizi richiesti.<\/p>\n\n<hr class=\"wp-block-separator\"\/>\n\n<h3 class=\"wp-block-heading\"><strong>Modalit\u00e0 di trattamento<\/strong><\/h3>\n\n<p>Il Titolare tratta i dati personali degli Utenti adottando le opportune misure di sicurezza volte ad impedire l\u2019accesso, la divulgazione, la modifica o la distruzione non autorizzate degli stessi. Il trattamento dei dati personali conferiti viene effettuato mediante strumenti informatici e\/o telematici, con modalit\u00e0 organizzative e con logiche strettamente correlate alle finalit\u00e0 indicate. Ai sensi dell\u2019art. all\u2019art. 4 n. 2) GDPR il trattamento consiste nella raccolta, registrazione, organizzazione, conservazione, consultazione, elaborazione, modificazione, selezione, estrazione, raffronto, utilizzo, interconnessione, blocco, comunicazione, cancellazione e distruzione dei dati conferiti.<\/p>\n\n<h3 class=\"wp-block-heading\"><strong>Destinatari dei dati personali<\/strong><\/h3>\n\n<p>I dati personali trattati sono conservati presso il Titolare e non saranno oggetto di diffusione a terzi ma di comunicazione a soggetti ben definiti. In particolare, sulla base dei ruoli e delle mansioni lavorative espletate, il personale interno \u00e8 legittimato al trattamento nei limiti delle competenze e in conformit\u00e0 alle istruzioni ad essi impartite dal Titolare del trattamento. I dati potranno inoltre essere comunicati a tutti i soggetti ai quali la comunicazione sia dovuta in ragione degli obblighi di legge (es. Pubbliche autorit\u00e0, Autorit\u00e0 giudiziarie). Oltre al Titolare, quindi, potrebbero avere accesso ai dati personali categorie di incaricati coinvolti nell\u2019organizzazione del sito (personale amministrativo, commerciale, marketing, studi legali, amministratori di sistema) ovvero soggetti esterni (come fornitori di servizi tecnici terzi, corrieri postali, hosting provider, societ\u00e0 informatiche, agenzie di comunicazione) nominati, se necessario, Responsabili del Trattamento da parte del Titolare. L\u2019elenco aggiornato dei Responsabili potr\u00e0 sempre essere richiesto al Titolare del Trattamento.<\/p>\n\n<h3 class=\"wp-block-heading\"><strong>Luogo<\/strong><\/h3>\n\n<p>I Dati personali sono trattati presso le sedi operative del Titolare ed in ogni altro luogo in cui le parti coinvolte nel trattamento siano localizzate. Per ulteriori informazioni, contattare il Titolare.<\/p>\n\n<h3 class=\"wp-block-heading\"><strong>Periodo di conservazione<\/strong><\/h3>\n\n<p>I dati raccolti verranno conservati per un arco di tempo non superiore al conseguimento delle finalit\u00e0 per le quali sono trattati (\u201cprincipio di limitazione della conservazione\u201d, art.5, GDPR) o in base alle scadenze previste dalle norme di legge civili, fiscali, amministrative. La verifica sulla obsolescenza dei dati conservati in relazione alle finalit\u00e0 per cui sono stati raccolti viene effettuata periodicamente.<\/p>\n\n<hr class=\"wp-block-separator\"\/>\n\n<h3 class=\"wp-block-heading\"><strong>Dettagli sul trattamento dei dati<\/strong><\/h3>\n\n<p>I Dati Personali sono raccolti per le seguenti finalit\u00e0 ed utilizzando i seguenti servizi:<\/p>\n\n<h4 class=\"wp-block-heading\"><strong>Contattare l\u2019Utente<\/strong><\/h4>\n\n<ul class=\"wp-block-list\"><li><strong>Modulo di contatto<\/strong> L\u2019Utente, compilando con i propri Dati (nome, cognome, e-mail, recapiti telefonici o ragione sociale, se societ\u00e0) il modulo di contatto, acconsente al loro utilizzo per rispondere alle richieste di informazioni, chiarimenti ovvero specifiche richieste di preventivi relativi ai servizi offerti, o di qualunque altra natura indicata dall\u2019intestazione del modulo. Analogamente, l\u2019utente acconsente al trattamento dei dati contenuti nel proprio <em>curriculum vitae<\/em> eventualmente inviato nell\u2019apposita sezione <em>Job Opportunities, <\/em>qualora dovessero aprirsi posizioni lavorative.<\/li><\/ul>\n<h4 class=\"wp-block-heading\"><strong>Protezione dallo SPAM<\/strong><\/h4>\n\n<ul class=\"wp-block-list\"><li><strong>Google reCAPTCHA (Google Inc.)<\/strong><\/li><\/ul>\n<h4 class=\"wp-block-heading\"><strong>Statistica<\/strong><\/h4>\n\n<ul class=\"wp-block-list\"><li><strong>Google Analytics (Google Inc.)<\/strong><\/li><\/ul>\n<h4 class=\"wp-block-heading\"><strong>Visualizzazione di contenuti da piattaforme esterne<\/strong><\/h4>\n\n<ul class=\"wp-block-list\"><li><strong>Widget Google Maps (Google Inc.)<\/strong><\/li><\/ul>\n<hr class=\"wp-block-separator\"\/>\n\n<h3 class=\"wp-block-heading\"><strong>Informativa estesa sui Cookie<\/strong><\/h3>\n\n<p>I Cookie sono costituiti da porzioni di codice installate all\u2019interno del browser che assistono il Titolare nell\u2019erogazione del servizio in base alle finalit\u00e0 descritte. Alcune delle finalit\u00e0 di installazione dei Cookie potrebbero, inoltre, necessitare del consenso dell\u2019Utente.<\/p>\n\n<h3 class=\"wp-block-heading\"><strong>Cookie tecnici e di statistica aggregata<\/strong><\/h3>\n\n<ul class=\"wp-block-list\"><li><strong>Attivit\u00e0 strettamente necessarie al funzionamento<\/strong>&#13;\nQuesta Applicazione utilizza Cookie per salvare la sessione dell\u2019Utente e per svolgere altre attivit\u00e0 strettamente necessarie al funzionamento dello stesso, ad esempio in relazione alla distribuzione del traffico.<\/li><li><strong>Attivit\u00e0 di salvataggio delle preferenze, ottimizzazione e statistica<\/strong>&#13;\nQuesta Applicazione utilizza Cookie per salvare le preferenze di navigazione ed ottimizzare l\u2019esperienza di navigazione dell\u2019Utente. Fra questi Cookie rientrano, ad esempio, quelli per impostare la lingua e la valuta o per la gestione di statistiche da parte del Titolare del sito.<\/li><\/ul>\n<h3 class=\"wp-block-heading\"><strong>Altre tipologie di Cookie o strumenti terzi che potrebbero farne utilizzo<\/strong><\/h3>\n\n<p>Alcuni dei servizi elencati di seguito raccolgono statistiche in forma aggregata e potrebbero non richiedere il consenso dell\u2019Utente o potrebbero essere gestiti direttamente dal Titolare \u2013 a seconda di quanto descritto \u2013 senza l\u2019ausilio di terzi. Qualora fra gli strumenti indicati in seguito fossero presenti servizi gestiti da terzi, questi potrebbero \u2013 in aggiunta a quanto specificato ed anche all\u2019insaputa del Titolare \u2013 compiere attivit\u00e0 di tracciamento dell\u2019Utente. Per informazioni dettagliate in merito, si consiglia di consultare le privacy policy dei servizi elencati.<\/p>\n\n<h3 class=\"wp-block-heading\"><strong>Protezione dallo SPAM<\/strong><\/h3>\n\n<p>Questi servizi analizzano il traffico di questa Applicazione, potenzialmente contenente Dati Personali degli Utenti, al fine di filtrarlo da parti di traffico, messaggi e contenuti riconosciuti come SPAM.<\/p>\n\n<ul class=\"wp-block-list\"><li><strong>Google reCAPTCHA (Google Inc.)&#13;\n<\/strong>Google reCAPTCHA \u00e8 un servizio di protezione dallo SPAM fornito da Google Inc.&#13;\nL\u2019utilizzo del sistema reCAPTCHA \u00e8 soggetto alla privacy policy e ai termini di utilizzo di Google.&#13;\nDati Personali raccolti: Cookie e Dati di utilizzo.&#13;\nLuogo del trattamento: Stati Uniti \u2013 <a href=\"http:\/\/www.google.com\/intl\/it\/policies\/privacy\/\">Privacy Policy<\/a>. Soggetto aderente al Privacy Shield.<\/li><\/ul>\n<h3 class=\"wp-block-heading\"><strong>Statistica<\/strong><\/h3>\n\n<p>I servizi contenuti nella presente sezione permettono al Titolare del Trattamento di monitorare e analizzare i dati di traffico e servono a tener traccia del comportamento dell\u2019Utente.<\/p>\n\n<ul class=\"wp-block-list\"><li><strong>Google Analytics (Google Inc.)<\/strong>&#13;\nGoogle Analytics \u00e8 un servizio di analisi web fornito da Google Inc. (\u201cGoogle\u201d). Google utilizza i Dati Personali raccolti allo scopo di tracciare ed esaminare l\u2019utilizzo di questa Applicazione, compilare report e condividerli con gli altri servizi sviluppati da Google.&#13;\nGoogle potrebbe utilizzare i Dati Personali per contestualizzare e personalizzare gli annunci del proprio network pubblicitario.&#13;\nDati personali raccolti: Cookie e Dati di utilizzo.&#13;\nLuogo del trattamento : USA \u2013 <a href=\"http:\/\/www.google.com\/intl\/it\/policies\/privacy\/\">Privacy Policy<\/a> \u2013 <a href=\"http:\/\/tools.google.com\/dlpage\/gaoptout?hl=it\">Opt Out<\/a><\/li><\/ul>\n<h3 class=\"wp-block-heading\"><strong>Visualizzazione di contenuti da piattaforme esterne<\/strong><\/h3>\n\n<p>Questi servizi permettono di visualizzare contenuti ospitati su piattaforme esterne direttamente dalle pagine di questa Applicazione e di interagire con essi. Nel caso in cui sia installato un servizio di questo tipo, \u00e8 possibile che, anche nel caso gli Utenti non utilizzino il servizio, lo stesso raccolga dati di traffico relativi alle pagine in cui \u00e8 installato.<\/p>\n\n<ul class=\"wp-block-list\"><li><strong>Widget Google Maps (Google Inc.)<\/strong>&#13;\nGoogle Maps \u00e8 un servizio di visualizzazione di mappe gestito da Google Inc. che permette a questa Applicazione di integrare tali contenuti all\u2019interno delle proprie pagine.&#13;\nDati personali raccolti: Cookie e Dati di utilizzo.&#13;\nLuogo del trattamento: USA \u2013 <a href=\"http:\/\/www.google.it\/intl\/it\/policies\/privacy\/\">Privacy Policy<\/a><\/li><\/ul>\n<h3 class=\"wp-block-heading\"><strong>Come posso controllare l\u2019installazione di Cookie?<\/strong><\/h3>\n\n<p>In aggiunta a quanto indicato in questo documento, l\u2019Utente pu\u00f2 gestire le preferenze relative ai Cookie direttamente all\u2019interno del proprio browser ed impedire \u2013 ad esempio \u2013 che terze parti possano installarne. Tramite le preferenze del browser \u00e8 inoltre possibile eliminare i Cookie installati in passato, incluso il Cookie in cui venga eventualmente salvato il consenso all\u2019installazione di Cookie da parte di questo sito. \u00c8 importante notare che disabilitando tutti i Cookie, il funzionamento di questo sito potrebbe essere compromesso. L\u2019Utente pu\u00f2 trovare informazioni su come gestire i Cookie nel suo browser ai seguenti indirizzi:&#13;\n<a href=\"https:\/\/support.google.com\/chrome\/answer\/95647?hl=it&amp;p=cpn_cookies\">Google Chrome<\/a>&#13;\n<a href=\"https:\/\/support.mozilla.org\/it\/kb\/Attivare%20e%20disattivare%20i%20cookie\">Mozilla Firefox<\/a>&#13;\n<a href=\"https:\/\/support.apple.com\/kb\/PH19214?viewlocale=it_IT&amp;locale=en_US\">Apple Safari<\/a>&#13;\n<a href=\"http:\/\/windows.microsoft.com\/it-it\/windows-vista\/block-or-allow-cookies\">Microsoft Windows Explorer<\/a><\/p>\n\n<p>In caso di servizi erogati da terze parti, l\u2019Utente pu\u00f2 inoltre esercitare il proprio diritto ad opporsi al tracciamento informandosi tramite la privacy policy della terza parte, tramite il link di opt out se esplicitamente fornito o contattando direttamente la stessa. Fermo restando quanto precede, il Titolare informa che l\u2019Utente pu\u00f2 avvalersi di Your Online Choices http:\/\/www.youronlinechoices.com\/.&#13;\nAttraverso tale servizio \u00e8 possibile gestire le preferenze di tracciamento della maggior parte degli strumenti pubblicitari. Il Titolare, pertanto, consiglia agli Utenti di utilizzare tale risorsa in aggiunta alle informazioni fornite dal presente documento.<\/p>\n\n<hr class=\"wp-block-separator\"\/>\n\n<h3 class=\"wp-block-heading\"><strong>Trasferimento dei dati<\/strong><\/h3>\n\n<p>I dati personali trattati non saranno oggetto di trasferimento a Paesi terzi extra UE o organizzazioni internazionali. Tuttavia, se per necessit\u00e0 legate alle finalit\u00e0 del trattamento, i Suoi dati personali dovessero essere oggetto di trasferimento internazionale al di fuori del territorio dell\u2019UE, il Titolare adotter\u00e0 ogni misura contrattuale idonea e necessaria per garantire un adeguato livello di protezione dei Suoi dati personali in accordo con quanto indicato all\u2019interno della presente Informativa Privacy, incluse, tra le altre, le Clausole Contrattuali Standard approvate dalla Commissione Europea.<\/p>\n\n<h3 class=\"wp-block-heading\"><strong>Informazioni non contenute in questa policy<\/strong><\/h3>\n\n<p>Maggiori informazioni in relazione al trattamento dei Dati Personali potranno essere richieste in qualsiasi momento al Titolare del Trattamento utilizzando i recapiti di contatto.<\/p>\n\n<h3 class=\"wp-block-heading\"><strong>Diritti degli interessati<\/strong><\/h3>\n\n<p>Nella qualit\u00e0 di interessato, l\u2019utente pu\u00f2 esercitare i diritti di cui agli artt.15\/22 del GDPR e, precisamente, i diritti: di accesso ai dati personali; di ottenere la rettifica o la cancellazione degli stessi o la limitazione del trattamento che lo riguarda; di opporsi al trattamento; alla portabilit\u00e0 dei dati; di revocare il consenso ove previsto; di proporre reclamo all\u2019Autorit\u00e0 di Controllo (Garante della Privacy).<\/p>\n\n<p>Potr\u00e0, in qualsiasi momento, esercitare i Suoi diritti inviando:<\/p>\n\n<ul class=\"wp-block-list\"><li>una raccomandata a.r. a <strong>Giovanni Di Palma<\/strong>, via Magenta 20 56038 Ponsacco (PI),<\/li><li>una e-mail all\u2019indirizzo <strong>giovanni.dipalma71@gmail.com<\/strong><\/li><\/ul>\n<p>Questa Applicazione non supporta le richieste \u201cDo Not Track\u201d. Per conoscere se gli eventuali servizi di terze parti utilizzati le supportano, consulta le loro privacy policy.<\/p>\n\n<h3 class=\"wp-block-heading\"><strong>Modifiche alla privacy policy<\/strong><\/h3>\n\n<p>Anche a seguito dell\u2019evoluzione normativa di settore, il Titolare del Trattamento si riserva la facolt\u00e0 di apportare modifiche e\/o aggiornare la presente privacy policy, in qualunque momento, dandone pubblicit\u00e0 agli Utenti su questa pagina. Si prega dunque di consultare spesso questa pagina, prendendo come riferimento la data di ultima modifica indicata in fondo. Nel caso di mancata accettazione delle modifiche apportate alla presente privacy policy, l\u2019Utente \u00e8 tenuto a cessare l\u2019utilizzo di questa Applicazione e pu\u00f2 richiedere al Titolare del Trattamento di rimuovere i propri Dati Personali. Salvo quanto diversamente specificato, la precedente privacy policy continuer\u00e0 ad applicarsi ai Dati Personali sino a quel momento raccolti.<\/p>\n\n<hr class=\"wp-block-separator\"\/>\n","protected":false},"excerpt":{"rendered":"<p>Informativa per il trattamento dei dati personali, per il sito web, resa ai sensi dell\u2019art.13 del Regolamento UE 2016\/679 Gentile Utente, la presente informativa viene resa ai sensi dell\u2019art. 13 del Regolamento Europeo sulla protezione dei dati personali 2016\/679 (di seguito \u201cGDPR\u201d). Giovanni Di Palma, via Magenta 20 56038 Ponsacco (PI), in qualit\u00e0 di titolare [&hellip;]<\/p>\n","protected":false},"author":1,"featured_media":0,"parent":0,"menu_order":0,"comment_status":"closed","ping_status":"open","template":"","meta":{"_et_pb_use_builder":"","_et_pb_old_content":"","_et_gb_content_width":"","footnotes":""},"class_list":["post-766","page","type-page","status-publish","hentry"],"yoast_head":"<!-- This site is optimized with the Yoast SEO plugin v24.3 - https:\/\/yoast.com\/wordpress\/plugins\/seo\/ -->\n<title>Privacy &amp; Cookie Policy - Borri Apartment<\/title>\n<meta name=\"description\" content=\"Informativa per il trattamento dei dati personali, per il sito web, resa ai sensi dell\u2019art.13 del Regolamento UE 2016\/679.\" \/>\n<meta name=\"robots\" content=\"noindex, nofollow\" \/>\n<meta property=\"og:locale\" content=\"en_US\" \/>\n<meta property=\"og:type\" content=\"article\" \/>\n<meta property=\"og:title\" content=\"Privacy &amp; Cookie Policy - Borri Apartment\" \/>\n<meta property=\"og:description\" content=\"Informativa per il trattamento dei dati personali, per il sito web, resa ai sensi dell\u2019art.13 del Regolamento UE 2016\/679.\" \/>\n<meta property=\"og:url\" content=\"https:\/\/www.borriapartment.it\/en\/privacy-cookie-policy\/\" \/>\n<meta property=\"og:site_name\" content=\"Borri Apartment\" \/>\n<meta property=\"article:publisher\" content=\"https:\/\/www.facebook.com\/BorriApartment-Casa-Vacanze-108931020969510\" \/>\n<meta property=\"article:modified_time\" content=\"2020-09-25T16:47:50+00:00\" \/>\n<meta name=\"twitter:card\" content=\"summary_large_image\" \/>\n<meta name=\"twitter:label1\" content=\"Est. reading time\" \/>\n\t<meta name=\"twitter:data1\" content=\"10 minutes\" \/>\n<script type=\"application\/ld+json\" class=\"yoast-schema-graph\">{\"@context\":\"https:\/\/schema.org\",\"@graph\":[{\"@type\":\"WebPage\",\"@id\":\"https:\/\/www.borriapartment.it\/en\/privacy-cookie-policy\/\",\"url\":\"https:\/\/www.borriapartment.it\/en\/privacy-cookie-policy\/\",\"name\":\"Privacy & Cookie Policy - Borri Apartment\",\"isPartOf\":{\"@id\":\"https:\/\/www.borriapartment.it\/en\/#website\"},\"datePublished\":\"2020-09-25T16:47:49+00:00\",\"dateModified\":\"2020-09-25T16:47:50+00:00\",\"description\":\"Informativa per il trattamento dei dati personali, per il sito web, resa ai sensi dell\u2019art.13 del Regolamento UE 2016\/679.\",\"breadcrumb\":{\"@id\":\"https:\/\/www.borriapartment.it\/en\/privacy-cookie-policy\/#breadcrumb\"},\"inLanguage\":\"en-US\",\"potentialAction\":[{\"@type\":\"ReadAction\",\"target\":[\"https:\/\/www.borriapartment.it\/en\/privacy-cookie-policy\/\"]}]},{\"@type\":\"BreadcrumbList\",\"@id\":\"https:\/\/www.borriapartment.it\/en\/privacy-cookie-policy\/#breadcrumb\",\"itemListElement\":[{\"@type\":\"ListItem\",\"position\":1,\"name\":\"Home\",\"item\":\"https:\/\/www.borriapartment.it\/en\/\"},{\"@type\":\"ListItem\",\"position\":2,\"name\":\"Privacy &#038; Cookie Policy\"}]},{\"@type\":\"WebSite\",\"@id\":\"https:\/\/www.borriapartment.it\/en\/#website\",\"url\":\"https:\/\/www.borriapartment.it\/en\/\",\"name\":\"Borri Apartment\",\"description\":\"Casa Vacanza nel cuore della Toscana\",\"publisher\":{\"@id\":\"https:\/\/www.borriapartment.it\/en\/#organization\"},\"potentialAction\":[{\"@type\":\"SearchAction\",\"target\":{\"@type\":\"EntryPoint\",\"urlTemplate\":\"https:\/\/www.borriapartment.it\/en\/?s={search_term_string}\"},\"query-input\":{\"@type\":\"PropertyValueSpecification\",\"valueRequired\":true,\"valueName\":\"search_term_string\"}}],\"inLanguage\":\"en-US\"},{\"@type\":\"Organization\",\"@id\":\"https:\/\/www.borriapartment.it\/en\/#organization\",\"name\":\"Borri Apartment\",\"url\":\"https:\/\/www.borriapartment.it\/en\/\",\"logo\":{\"@type\":\"ImageObject\",\"inLanguage\":\"en-US\",\"@id\":\"https:\/\/www.borriapartment.it\/en\/#\/schema\/logo\/image\/\",\"url\":\"https:\/\/www.borriapartment.it\/wp-content\/uploads\/2020\/06\/icon.png\",\"contentUrl\":\"https:\/\/www.borriapartment.it\/wp-content\/uploads\/2020\/06\/icon.png\",\"width\":180,\"height\":180,\"caption\":\"Borri Apartment\"},\"image\":{\"@id\":\"https:\/\/www.borriapartment.it\/en\/#\/schema\/logo\/image\/\"},\"sameAs\":[\"https:\/\/www.facebook.com\/BorriApartment-Casa-Vacanze-108931020969510\"]}]}<\/script>\n<!-- \/ Yoast SEO plugin. -->","yoast_head_json":{"title":"Privacy & Cookie Policy - Borri Apartment","description":"Informativa per il trattamento dei dati personali, per il sito web, resa ai sensi dell\u2019art.13 del Regolamento UE 2016\/679.","robots":{"index":"noindex","follow":"nofollow"},"og_locale":"en_US","og_type":"article","og_title":"Privacy & Cookie Policy - Borri Apartment","og_description":"Informativa per il trattamento dei dati personali, per il sito web, resa ai sensi dell\u2019art.13 del Regolamento UE 2016\/679.","og_url":"https:\/\/www.borriapartment.it\/en\/privacy-cookie-policy\/","og_site_name":"Borri Apartment","article_publisher":"https:\/\/www.facebook.com\/BorriApartment-Casa-Vacanze-108931020969510","article_modified_time":"2020-09-25T16:47:50+00:00","twitter_card":"summary_large_image","twitter_misc":{"Est. reading time":"10 minutes"},"schema":{"@context":"https:\/\/schema.org","@graph":[{"@type":"WebPage","@id":"https:\/\/www.borriapartment.it\/en\/privacy-cookie-policy\/","url":"https:\/\/www.borriapartment.it\/en\/privacy-cookie-policy\/","name":"Privacy & Cookie Policy - Borri Apartment","isPartOf":{"@id":"https:\/\/www.borriapartment.it\/en\/#website"},"datePublished":"2020-09-25T16:47:49+00:00","dateModified":"2020-09-25T16:47:50+00:00","description":"Informativa per il trattamento dei dati personali, per il sito web, resa ai sensi dell\u2019art.13 del Regolamento UE 2016\/679.","breadcrumb":{"@id":"https:\/\/www.borriapartment.it\/en\/privacy-cookie-policy\/#breadcrumb"},"inLanguage":"en-US","potentialAction":[{"@type":"ReadAction","target":["https:\/\/www.borriapartment.it\/en\/privacy-cookie-policy\/"]}]},{"@type":"BreadcrumbList","@id":"https:\/\/www.borriapartment.it\/en\/privacy-cookie-policy\/#breadcrumb","itemListElement":[{"@type":"ListItem","position":1,"name":"Home","item":"https:\/\/www.borriapartment.it\/en\/"},{"@type":"ListItem","position":2,"name":"Privacy &#038; Cookie Policy"}]},{"@type":"WebSite","@id":"https:\/\/www.borriapartment.it\/en\/#website","url":"https:\/\/www.borriapartment.it\/en\/","name":"Borri Apartment","description":"Casa Vacanza nel cuore della Toscana","publisher":{"@id":"https:\/\/www.borriapartment.it\/en\/#organization"},"potentialAction":[{"@type":"SearchAction","target":{"@type":"EntryPoint","urlTemplate":"https:\/\/www.borriapartment.it\/en\/?s={search_term_string}"},"query-input":{"@type":"PropertyValueSpecification","valueRequired":true,"valueName":"search_term_string"}}],"inLanguage":"en-US"},{"@type":"Organization","@id":"https:\/\/www.borriapartment.it\/en\/#organization","name":"Borri Apartment","url":"https:\/\/www.borriapartment.it\/en\/","logo":{"@type":"ImageObject","inLanguage":"en-US","@id":"https:\/\/www.borriapartment.it\/en\/#\/schema\/logo\/image\/","url":"https:\/\/www.borriapartment.it\/wp-content\/uploads\/2020\/06\/icon.png","contentUrl":"https:\/\/www.borriapartment.it\/wp-content\/uploads\/2020\/06\/icon.png","width":180,"height":180,"caption":"Borri Apartment"},"image":{"@id":"https:\/\/www.borriapartment.it\/en\/#\/schema\/logo\/image\/"},"sameAs":["https:\/\/www.facebook.com\/BorriApartment-Casa-Vacanze-108931020969510"]}]}},"_links":{"self":[{"href":"https:\/\/www.borriapartment.it\/en\/wp-json\/wp\/v2\/pages\/766","targetHints":{"allow":["GET"]}}],"collection":[{"href":"https:\/\/www.borriapartment.it\/en\/wp-json\/wp\/v2\/pages"}],"about":[{"href":"https:\/\/www.borriapartment.it\/en\/wp-json\/wp\/v2\/types\/page"}],"author":[{"embeddable":true,"href":"https:\/\/www.borriapartment.it\/en\/wp-json\/wp\/v2\/users\/1"}],"replies":[{"embeddable":true,"href":"https:\/\/www.borriapartment.it\/en\/wp-json\/wp\/v2\/comments?post=766"}],"version-history":[{"count":1,"href":"https:\/\/www.borriapartment.it\/en\/wp-json\/wp\/v2\/pages\/766\/revisions"}],"predecessor-version":[{"id":767,"href":"https:\/\/www.borriapartment.it\/en\/wp-json\/wp\/v2\/pages\/766\/revisions\/767"}],"wp:attachment":[{"href":"https:\/\/www.borriapartment.it\/en\/wp-json\/wp\/v2\/media?parent=766"}],"curies":[{"name":"wp","href":"https:\/\/api.w.org\/{rel}","templated":true}]}}